{"id":508,"date":"2024-07-01T03:59:12","date_gmt":"2024-07-01T06:59:12","guid":{"rendered":"https:\/\/www.biamel.com.br\/?post_type=product&#038;p=508"},"modified":"2024-12-05T15:09:58","modified_gmt":"2024-12-05T18:09:58","slug":"chaveiro-coracao","status":"publish","type":"product","link":"https:\/\/www.biamel.com.br\/index.php\/produto\/chaveiro-coracao\/","title":{"rendered":"Chaveiro Cora\u00e7\u00e3o"},"content":{"rendered":"<p>Enfeite confeccionado em fio de malha, em diversas cores, no formato de cora\u00e7\u00e3o. Pode ser usado como chaveiro e lembrancinha.<\/p>\n<p>Pedido m\u00ednimo 10 pe\u00e7as.<\/p>\n<p>As cores podem sofrer pequenas varia\u00e7\u00f5es.<\/p>\n","protected":false},"excerpt":{"rendered":"<p>Enfeite confeccionado em fio de malha, em diversas cores, no formato de cora\u00e7\u00e3o. Pode ser usado como chaveiro e lembrancinha. Pedido m\u00ednimo 10 pe\u00e7as. As cores podem sofrer pequenas varia\u00e7\u00f5es.<\/p>\n","protected":false},"featured_media":507,"comment_status":"open","ping_status":"closed","template":"","meta":[],"product_brand":[],"product_cat":[23,26],"product_tag":[],"class_list":{"0":"post-508","1":"product","2":"type-product","3":"status-publish","4":"has-post-thumbnail","6":"product_cat-chaveiros","7":"product_cat-todos","8":"pa_cor-amarelo","9":"pa_cor-bege","10":"pa_cor-goiaba","11":"pa_cor-jeans","12":"pa_cor-lilas","13":"pa_cor-rosa","15":"first","16":"instock","17":"shipping-taxable","18":"purchasable","19":"product-type-variable"},"yoast_head":"<!-- This site is optimized with the Yoast SEO plugin v27.5 - https:\/\/yoast.com\/product\/yoast-seo-wordpress\/ -->\n<title>Chaveiro Cora\u00e7\u00e3o - BIAMEL Croch\u00ea<\/title>\n<meta name=\"robots\" content=\"index, follow, max-snippet:-1, max-image-preview:large, max-video-preview:-1\" \/>\n<link rel=\"canonical\" href=\"https:\/\/www.biamel.com.br\/index.php\/produto\/chaveiro-coracao\/\" \/>\n<meta property=\"og:locale\" content=\"pt_BR\" \/>\n<meta property=\"og:type\" content=\"article\" \/>\n<meta property=\"og:title\" content=\"Chaveiro Cora\u00e7\u00e3o - BIAMEL Croch\u00ea\" \/>\n<meta property=\"og:description\" content=\"Enfeite confeccionado em fio de malha, em diversas cores, no formato de cora\u00e7\u00e3o. Pode ser usado como chaveiro e lembrancinha. Pedido m\u00ednimo 10 pe\u00e7as. As cores podem sofrer pequenas varia\u00e7\u00f5es.\" \/>\n<meta property=\"og:url\" content=\"https:\/\/www.biamel.com.br\/index.php\/produto\/chaveiro-coracao\/\" \/>\n<meta property=\"og:site_name\" content=\"BIAMEL Croch\u00ea\" \/>\n<meta property=\"article:modified_time\" content=\"2024-12-05T18:09:58+00:00\" \/>\n<meta property=\"og:image\" content=\"https:\/\/www.biamel.com.br\/wp-content\/uploads\/2024\/07\/coracao-01.png\" \/>\n\t<meta property=\"og:image:width\" content=\"600\" \/>\n\t<meta property=\"og:image:height\" content=\"600\" \/>\n\t<meta property=\"og:image:type\" content=\"image\/png\" \/>\n<meta name=\"twitter:card\" content=\"summary_large_image\" \/>\n<meta name=\"twitter:label1\" content=\"Est. tempo de leitura\" \/>\n\t<meta name=\"twitter:data1\" content=\"1 minuto\" \/>\n<script type=\"application\/ld+json\" class=\"yoast-schema-graph\">{\"@context\":\"https:\\\/\\\/schema.org\",\"@graph\":[{\"@type\":\"WebPage\",\"@id\":\"https:\\\/\\\/www.biamel.com.br\\\/index.php\\\/produto\\\/chaveiro-coracao\\\/\",\"url\":\"https:\\\/\\\/www.biamel.com.br\\\/index.php\\\/produto\\\/chaveiro-coracao\\\/\",\"name\":\"Chaveiro Cora\u00e7\u00e3o - BIAMEL Croch\u00ea\",\"isPartOf\":{\"@id\":\"https:\\\/\\\/www.biamel.com.br\\\/#website\"},\"primaryImageOfPage\":{\"@id\":\"https:\\\/\\\/www.biamel.com.br\\\/index.php\\\/produto\\\/chaveiro-coracao\\\/#primaryimage\"},\"image\":{\"@id\":\"https:\\\/\\\/www.biamel.com.br\\\/index.php\\\/produto\\\/chaveiro-coracao\\\/#primaryimage\"},\"thumbnailUrl\":\"https:\\\/\\\/www.biamel.com.br\\\/wp-content\\\/uploads\\\/2024\\\/07\\\/coracao-01.png\",\"datePublished\":\"2024-07-01T06:59:12+00:00\",\"dateModified\":\"2024-12-05T18:09:58+00:00\",\"breadcrumb\":{\"@id\":\"https:\\\/\\\/www.biamel.com.br\\\/index.php\\\/produto\\\/chaveiro-coracao\\\/#breadcrumb\"},\"inLanguage\":\"pt-BR\",\"potentialAction\":[{\"@type\":\"ReadAction\",\"target\":[\"https:\\\/\\\/www.biamel.com.br\\\/index.php\\\/produto\\\/chaveiro-coracao\\\/\"]}]},{\"@type\":\"ImageObject\",\"inLanguage\":\"pt-BR\",\"@id\":\"https:\\\/\\\/www.biamel.com.br\\\/index.php\\\/produto\\\/chaveiro-coracao\\\/#primaryimage\",\"url\":\"https:\\\/\\\/www.biamel.com.br\\\/wp-content\\\/uploads\\\/2024\\\/07\\\/coracao-01.png\",\"contentUrl\":\"https:\\\/\\\/www.biamel.com.br\\\/wp-content\\\/uploads\\\/2024\\\/07\\\/coracao-01.png\",\"width\":600,\"height\":600},{\"@type\":\"BreadcrumbList\",\"@id\":\"https:\\\/\\\/www.biamel.com.br\\\/index.php\\\/produto\\\/chaveiro-coracao\\\/#breadcrumb\",\"itemListElement\":[{\"@type\":\"ListItem\",\"position\":1,\"name\":\"In\u00edcio\",\"item\":\"https:\\\/\\\/www.biamel.com.br\\\/\"},{\"@type\":\"ListItem\",\"position\":2,\"name\":\"Loja\",\"item\":\"https:\\\/\\\/www.biamel.com.br\\\/index.php\\\/shop\\\/\"},{\"@type\":\"ListItem\",\"position\":3,\"name\":\"Chaveiro Cora\u00e7\u00e3o\"}]},{\"@type\":\"WebSite\",\"@id\":\"https:\\\/\\\/www.biamel.com.br\\\/#website\",\"url\":\"https:\\\/\\\/www.biamel.com.br\\\/\",\"name\":\"BIAMEL Croch\u00ea\",\"description\":\"Artigos em croch\u00ea\",\"publisher\":{\"@id\":\"https:\\\/\\\/www.biamel.com.br\\\/#organization\"},\"potentialAction\":[{\"@type\":\"SearchAction\",\"target\":{\"@type\":\"EntryPoint\",\"urlTemplate\":\"https:\\\/\\\/www.biamel.com.br\\\/?s={search_term_string}\"},\"query-input\":{\"@type\":\"PropertyValueSpecification\",\"valueRequired\":true,\"valueName\":\"search_term_string\"}}],\"inLanguage\":\"pt-BR\"},{\"@type\":\"Organization\",\"@id\":\"https:\\\/\\\/www.biamel.com.br\\\/#organization\",\"name\":\"BIAMEL Croch\u00ea\",\"url\":\"https:\\\/\\\/www.biamel.com.br\\\/\",\"logo\":{\"@type\":\"ImageObject\",\"inLanguage\":\"pt-BR\",\"@id\":\"https:\\\/\\\/www.biamel.com.br\\\/#\\\/schema\\\/logo\\\/image\\\/\",\"url\":\"https:\\\/\\\/www.biamel.com.br\\\/wp-content\\\/uploads\\\/2024\\\/06\\\/logo-bm-tit.png\",\"contentUrl\":\"https:\\\/\\\/www.biamel.com.br\\\/wp-content\\\/uploads\\\/2024\\\/06\\\/logo-bm-tit.png\",\"width\":1124,\"height\":231,\"caption\":\"BIAMEL Croch\u00ea\"},\"image\":{\"@id\":\"https:\\\/\\\/www.biamel.com.br\\\/#\\\/schema\\\/logo\\\/image\\\/\"}}]}<\/script>\n<!-- \/ Yoast SEO plugin. -->","yoast_head_json":{"title":"Chaveiro Cora\u00e7\u00e3o - BIAMEL Croch\u00ea","robots":{"index":"index","follow":"follow","max-snippet":"max-snippet:-1","max-image-preview":"max-image-preview:large","max-video-preview":"max-video-preview:-1"},"canonical":"https:\/\/www.biamel.com.br\/index.php\/produto\/chaveiro-coracao\/","og_locale":"pt_BR","og_type":"article","og_title":"Chaveiro Cora\u00e7\u00e3o - BIAMEL Croch\u00ea","og_description":"Enfeite confeccionado em fio de malha, em diversas cores, no formato de cora\u00e7\u00e3o. Pode ser usado como chaveiro e lembrancinha. Pedido m\u00ednimo 10 pe\u00e7as. As cores podem sofrer pequenas varia\u00e7\u00f5es.","og_url":"https:\/\/www.biamel.com.br\/index.php\/produto\/chaveiro-coracao\/","og_site_name":"BIAMEL Croch\u00ea","article_modified_time":"2024-12-05T18:09:58+00:00","og_image":[{"width":600,"height":600,"url":"https:\/\/www.biamel.com.br\/wp-content\/uploads\/2024\/07\/coracao-01.png","type":"image\/png"}],"twitter_card":"summary_large_image","twitter_misc":{"Est. tempo de leitura":"1 minuto"},"schema":{"@context":"https:\/\/schema.org","@graph":[{"@type":"WebPage","@id":"https:\/\/www.biamel.com.br\/index.php\/produto\/chaveiro-coracao\/","url":"https:\/\/www.biamel.com.br\/index.php\/produto\/chaveiro-coracao\/","name":"Chaveiro Cora\u00e7\u00e3o - BIAMEL Croch\u00ea","isPartOf":{"@id":"https:\/\/www.biamel.com.br\/#website"},"primaryImageOfPage":{"@id":"https:\/\/www.biamel.com.br\/index.php\/produto\/chaveiro-coracao\/#primaryimage"},"image":{"@id":"https:\/\/www.biamel.com.br\/index.php\/produto\/chaveiro-coracao\/#primaryimage"},"thumbnailUrl":"https:\/\/www.biamel.com.br\/wp-content\/uploads\/2024\/07\/coracao-01.png","datePublished":"2024-07-01T06:59:12+00:00","dateModified":"2024-12-05T18:09:58+00:00","breadcrumb":{"@id":"https:\/\/www.biamel.com.br\/index.php\/produto\/chaveiro-coracao\/#breadcrumb"},"inLanguage":"pt-BR","potentialAction":[{"@type":"ReadAction","target":["https:\/\/www.biamel.com.br\/index.php\/produto\/chaveiro-coracao\/"]}]},{"@type":"ImageObject","inLanguage":"pt-BR","@id":"https:\/\/www.biamel.com.br\/index.php\/produto\/chaveiro-coracao\/#primaryimage","url":"https:\/\/www.biamel.com.br\/wp-content\/uploads\/2024\/07\/coracao-01.png","contentUrl":"https:\/\/www.biamel.com.br\/wp-content\/uploads\/2024\/07\/coracao-01.png","width":600,"height":600},{"@type":"BreadcrumbList","@id":"https:\/\/www.biamel.com.br\/index.php\/produto\/chaveiro-coracao\/#breadcrumb","itemListElement":[{"@type":"ListItem","position":1,"name":"In\u00edcio","item":"https:\/\/www.biamel.com.br\/"},{"@type":"ListItem","position":2,"name":"Loja","item":"https:\/\/www.biamel.com.br\/index.php\/shop\/"},{"@type":"ListItem","position":3,"name":"Chaveiro Cora\u00e7\u00e3o"}]},{"@type":"WebSite","@id":"https:\/\/www.biamel.com.br\/#website","url":"https:\/\/www.biamel.com.br\/","name":"BIAMEL Croch\u00ea","description":"Artigos em croch\u00ea","publisher":{"@id":"https:\/\/www.biamel.com.br\/#organization"},"potentialAction":[{"@type":"SearchAction","target":{"@type":"EntryPoint","urlTemplate":"https:\/\/www.biamel.com.br\/?s={search_term_string}"},"query-input":{"@type":"PropertyValueSpecification","valueRequired":true,"valueName":"search_term_string"}}],"inLanguage":"pt-BR"},{"@type":"Organization","@id":"https:\/\/www.biamel.com.br\/#organization","name":"BIAMEL Croch\u00ea","url":"https:\/\/www.biamel.com.br\/","logo":{"@type":"ImageObject","inLanguage":"pt-BR","@id":"https:\/\/www.biamel.com.br\/#\/schema\/logo\/image\/","url":"https:\/\/www.biamel.com.br\/wp-content\/uploads\/2024\/06\/logo-bm-tit.png","contentUrl":"https:\/\/www.biamel.com.br\/wp-content\/uploads\/2024\/06\/logo-bm-tit.png","width":1124,"height":231,"caption":"BIAMEL Croch\u00ea"},"image":{"@id":"https:\/\/www.biamel.com.br\/#\/schema\/logo\/image\/"}}]}},"_links":{"self":[{"href":"https:\/\/www.biamel.com.br\/index.php\/wp-json\/wp\/v2\/product\/508","targetHints":{"allow":["GET"]}}],"collection":[{"href":"https:\/\/www.biamel.com.br\/index.php\/wp-json\/wp\/v2\/product"}],"about":[{"href":"https:\/\/www.biamel.com.br\/index.php\/wp-json\/wp\/v2\/types\/product"}],"replies":[{"embeddable":true,"href":"https:\/\/www.biamel.com.br\/index.php\/wp-json\/wp\/v2\/comments?post=508"}],"wp:featuredmedia":[{"embeddable":true,"href":"https:\/\/www.biamel.com.br\/index.php\/wp-json\/wp\/v2\/media\/507"}],"wp:attachment":[{"href":"https:\/\/www.biamel.com.br\/index.php\/wp-json\/wp\/v2\/media?parent=508"}],"wp:term":[{"taxonomy":"product_brand","embeddable":true,"href":"https:\/\/www.biamel.com.br\/index.php\/wp-json\/wp\/v2\/product_brand?post=508"},{"taxonomy":"product_cat","embeddable":true,"href":"https:\/\/www.biamel.com.br\/index.php\/wp-json\/wp\/v2\/product_cat?post=508"},{"taxonomy":"product_tag","embeddable":true,"href":"https:\/\/www.biamel.com.br\/index.php\/wp-json\/wp\/v2\/product_tag?post=508"}],"curies":[{"name":"wp","href":"https:\/\/api.w.org\/{rel}","templated":true}]}}