{"id":362,"date":"2021-08-17T17:03:43","date_gmt":"2021-08-17T17:03:43","guid":{"rendered":"https:\/\/demo.athemes.com\/botiga\/?page_id=362"},"modified":"2024-07-02T03:39:37","modified_gmt":"2024-07-02T06:39:37","slug":"home-2","status":"publish","type":"page","link":"https:\/\/www.biamel.com.br\/","title":{"rendered":"Home"},"content":{"rendered":"\n<div id=\"athemes-blocks-block-433d9faf\" class=\"wp-block-athemes-athemes-blocks-block-container athemes-blocks-block athemes-blocks-block-433d9faf athemes-blocks-block-container alignfull\"><div class=\"athemes-blocks-block-container-wrapper athemes-blocks-block-container-bg-cover athemes-blocks-block-container-bg-effect-scroll\"><img class=\"athemes-blocks-background-image\" width=\"1080\" height=\"600\" srcset=\"https:\/\/www.biamel.com.br\/wp-content\/uploads\/2024\/07\/bg-01-150x150.png 150w, https:\/\/www.biamel.com.br\/wp-content\/uploads\/2024\/07\/bg-01-300x167.png 300w, https:\/\/www.biamel.com.br\/wp-content\/uploads\/2024\/07\/bg-01-1024x569.png 1024w, https:\/\/www.biamel.com.br\/wp-content\/uploads\/2024\/07\/bg-01.png 1080w, \" sizes=\"(max-width: 1080px) 100vw, 1080px\" alt=\"\"\/><div class=\"athemes-blocks-block-container-wrapper-content\">\n<div class=\"wp-block-columns is-layout-flex wp-container-core-columns-is-layout-28f84493 wp-block-columns-is-layout-flex\">\n<div class=\"wp-block-column is-layout-flow wp-block-column-is-layout-flow\" style=\"flex-basis:66.66%\">\n<h2 class=\"wp-block-heading has-gigantic-font-size\"><\/h2>\n\n\n\n<div class=\"wp-block-buttons is-layout-flex wp-block-buttons-is-layout-flex\">\n<div class=\"wp-block-button\"><a class=\"wp-block-button__link wp-element-button\" href=\"https:\/\/www.biamel.com.br\/index.php\/shop\/\">compre agora<\/a><\/div>\n<\/div>\n<\/div>\n\n\n\n<div class=\"wp-block-column is-layout-flow wp-block-column-is-layout-flow\" style=\"flex-basis:33.33%\"><\/div>\n<\/div>\n<\/div><\/div><\/div>\n\n\n\n<div class=\"wp-block-columns alignfull has-color-5-background-color has-background is-layout-flex wp-container-core-columns-is-layout-28f84493 wp-block-columns-is-layout-flex\">\n<div class=\"wp-block-column is-layout-flow wp-block-column-is-layout-flow\" style=\"flex-basis:25%\"><\/div>\n\n\n\n<div class=\"wp-block-column is-layout-flow wp-block-column-is-layout-flow\" style=\"flex-basis:100%\">\n<p class=\"has-text-align-center\"><br><strong><em>Fios que se entrela\u00e7am, um ponto de cada vez, e <strong><em>se transformam<\/em><\/strong><\/em><\/strong> <strong><em>em carinho, <\/em><\/strong><strong><em>na forma de pequenos mimos&#8230;<\/em><\/strong><\/p>\n<\/div>\n\n\n\n<div class=\"wp-block-column is-layout-flow wp-block-column-is-layout-flow\" style=\"flex-basis:25%\"><\/div>\n<\/div>\n\n\n\n<div class=\"wp-block-columns is-layout-flex wp-container-core-columns-is-layout-28f84493 wp-block-columns-is-layout-flex\">\n<div class=\"wp-block-column is-layout-flow wp-block-column-is-layout-flow\"><div class=\"wp-block-image\">\n<figure class=\"aligncenter size-full\"><a href=\"https:\/\/www.biamel.com.br\/index.php\/categoria-produto\/carteiras\/\"><img loading=\"lazy\" decoding=\"async\" width=\"400\" height=\"400\" src=\"https:\/\/www.biamel.com.br\/wp-content\/uploads\/2024\/07\/cat-carteiras.png\" alt=\"\" class=\"wp-image-640\" srcset=\"https:\/\/www.biamel.com.br\/wp-content\/uploads\/2024\/07\/cat-carteiras.png 400w, https:\/\/www.biamel.com.br\/wp-content\/uploads\/2024\/07\/cat-carteiras-300x300.png 300w, https:\/\/www.biamel.com.br\/wp-content\/uploads\/2024\/07\/cat-carteiras-150x150.png 150w, https:\/\/www.biamel.com.br\/wp-content\/uploads\/2024\/07\/cat-carteiras-380x380.png 380w, https:\/\/www.biamel.com.br\/wp-content\/uploads\/2024\/07\/cat-carteiras-100x100.png 100w\" sizes=\"auto, (max-width: 400px) 100vw, 400px\" \/><\/a><\/figure>\n<\/div>\n\n\n<p class=\"has-text-align-center has-normal-font-size\">Carteiras e Necessaires<\/p>\n<\/div>\n\n\n\n<div class=\"wp-block-column is-layout-flow wp-block-column-is-layout-flow\"><div class=\"wp-block-image\">\n<figure class=\"aligncenter size-full\"><a href=\"https:\/\/www.biamel.com.br\/index.php\/categoria-produto\/chaveiros\/\"><img loading=\"lazy\" decoding=\"async\" width=\"400\" height=\"400\" src=\"https:\/\/www.biamel.com.br\/wp-content\/uploads\/2024\/07\/cat-chaveiros.png\" alt=\"\" class=\"wp-image-638\" srcset=\"https:\/\/www.biamel.com.br\/wp-content\/uploads\/2024\/07\/cat-chaveiros.png 400w, https:\/\/www.biamel.com.br\/wp-content\/uploads\/2024\/07\/cat-chaveiros-300x300.png 300w, https:\/\/www.biamel.com.br\/wp-content\/uploads\/2024\/07\/cat-chaveiros-150x150.png 150w, https:\/\/www.biamel.com.br\/wp-content\/uploads\/2024\/07\/cat-chaveiros-380x380.png 380w, https:\/\/www.biamel.com.br\/wp-content\/uploads\/2024\/07\/cat-chaveiros-100x100.png 100w\" sizes=\"auto, (max-width: 400px) 100vw, 400px\" \/><\/a><\/figure>\n<\/div>\n\n\n<p class=\"has-text-align-center has-normal-font-size\">Chaveiros<\/p>\n<\/div>\n\n\n\n<div class=\"wp-block-column is-layout-flow wp-block-column-is-layout-flow\"><div class=\"wp-block-image\">\n<figure class=\"aligncenter size-full\"><a href=\"https:\/\/www.biamel.com.br\/index.php\/categoria-produto\/enfeites\/\"><img loading=\"lazy\" decoding=\"async\" width=\"400\" height=\"400\" src=\"https:\/\/www.biamel.com.br\/wp-content\/uploads\/2024\/07\/cat-enfeites.png\" alt=\"\" class=\"wp-image-636\" srcset=\"https:\/\/www.biamel.com.br\/wp-content\/uploads\/2024\/07\/cat-enfeites.png 400w, https:\/\/www.biamel.com.br\/wp-content\/uploads\/2024\/07\/cat-enfeites-300x300.png 300w, https:\/\/www.biamel.com.br\/wp-content\/uploads\/2024\/07\/cat-enfeites-150x150.png 150w, https:\/\/www.biamel.com.br\/wp-content\/uploads\/2024\/07\/cat-enfeites-380x380.png 380w, https:\/\/www.biamel.com.br\/wp-content\/uploads\/2024\/07\/cat-enfeites-100x100.png 100w\" sizes=\"auto, (max-width: 400px) 100vw, 400px\" \/><\/a><\/figure>\n<\/div>\n\n\n<p class=\"has-text-align-center has-normal-font-size\">Enfeites<\/p>\n<\/div>\n\n\n\n<div class=\"wp-block-column is-layout-flow wp-block-column-is-layout-flow\"><div class=\"wp-block-image\">\n<figure class=\"aligncenter size-full\"><a href=\"https:\/\/www.biamel.com.br\/index.php\/categoria-produto\/cestos\/\"><img loading=\"lazy\" decoding=\"async\" width=\"400\" height=\"400\" src=\"https:\/\/www.biamel.com.br\/wp-content\/uploads\/2024\/07\/cat-cestos.png\" alt=\"\" class=\"wp-image-634\" srcset=\"https:\/\/www.biamel.com.br\/wp-content\/uploads\/2024\/07\/cat-cestos.png 400w, https:\/\/www.biamel.com.br\/wp-content\/uploads\/2024\/07\/cat-cestos-300x300.png 300w, https:\/\/www.biamel.com.br\/wp-content\/uploads\/2024\/07\/cat-cestos-150x150.png 150w, https:\/\/www.biamel.com.br\/wp-content\/uploads\/2024\/07\/cat-cestos-380x380.png 380w, https:\/\/www.biamel.com.br\/wp-content\/uploads\/2024\/07\/cat-cestos-100x100.png 100w\" sizes=\"auto, (max-width: 400px) 100vw, 400px\" \/><\/a><\/figure>\n<\/div>\n\n\n<p class=\"has-text-align-center has-normal-font-size\">Cestos e Cachepot<\/p>\n<\/div>\n<\/div>\n\n\n\n<div id=\"athemes-blocks-block-2a9863fd\" class=\"wp-block-athemes-athemes-blocks-block-container athemes-blocks-block athemes-blocks-block-2a9863fd athemes-blocks-block-container alignfull\"><div class=\"athemes-blocks-block-container-wrapper athemes-blocks-block-container-bg-cover athemes-blocks-block-container-bg-effect-scroll\"><div class=\"athemes-blocks-block-container-wrapper-content\">\n<h2 class=\"wp-block-heading has-text-align-center has-extra-large-font-size\">Artigos Recentes<\/h2>\n\n\n\n<div class=\"wp-block-columns is-layout-flex wp-container-core-columns-is-layout-28f84493 wp-block-columns-is-layout-flex\">\n<div class=\"wp-block-column is-layout-flow wp-block-column-is-layout-flow\" style=\"flex-basis:1%\"><\/div>\n\n\n\n<div class=\"wp-block-column is-layout-flow wp-block-column-is-layout-flow\" style=\"flex-basis:100%\"><ul class=\"wp-block-latest-posts__list is-grid columns-3 has-dates wp-block-latest-posts has-normal-font-size\"><li><a class=\"wp-block-latest-posts__post-title\" href=\"https:\/\/www.biamel.com.br\/index.php\/2024\/12\/05\/as-agulhas-de-croche\/\">As Agulhas de  Croch\u00ea<\/a><time datetime=\"2024-12-05T14:52:41-03:00\" class=\"wp-block-latest-posts__post-date\">5 de dezembro de 2024<\/time><div class=\"wp-block-latest-posts__post-excerpt\">As agulhas encontradas na antiguidade eram basicamente feitas de ossos e madeira. Os modelos espec\u00edficos para o croch\u00ea, come\u00e7aram a aparecer no s\u00e9culo XIX e o gancho era remov\u00edvel. Posteriormente, [&hellip;]<\/div><\/li>\n<li><div class=\"wp-block-latest-posts__featured-image\"><a href=\"https:\/\/www.biamel.com.br\/index.php\/2024\/07\/02\/croche-na-decoracao\/\" aria-label=\"Croch\u00ea na Decora\u00e7\u00e3o\"><img loading=\"lazy\" decoding=\"async\" width=\"1024\" height=\"512\" src=\"https:\/\/www.biamel.com.br\/wp-content\/uploads\/2024\/07\/05-decoracao-1024x512.png\" class=\"attachment-large size-large wp-post-image\" alt=\"\" style=\"\" srcset=\"https:\/\/www.biamel.com.br\/wp-content\/uploads\/2024\/07\/05-decoracao-1024x512.png 1024w, https:\/\/www.biamel.com.br\/wp-content\/uploads\/2024\/07\/05-decoracao-300x150.png 300w, https:\/\/www.biamel.com.br\/wp-content\/uploads\/2024\/07\/05-decoracao-768x384.png 768w, https:\/\/www.biamel.com.br\/wp-content\/uploads\/2024\/07\/05-decoracao-1140x570.png 1140w, https:\/\/www.biamel.com.br\/wp-content\/uploads\/2024\/07\/05-decoracao-920x460.png 920w, https:\/\/www.biamel.com.br\/wp-content\/uploads\/2024\/07\/05-decoracao-575x288.png 575w, https:\/\/www.biamel.com.br\/wp-content\/uploads\/2024\/07\/05-decoracao-380x190.png 380w, https:\/\/www.biamel.com.br\/wp-content\/uploads\/2024\/07\/05-decoracao-420x210.png 420w, https:\/\/www.biamel.com.br\/wp-content\/uploads\/2024\/07\/05-decoracao-800x400.png 800w, https:\/\/www.biamel.com.br\/wp-content\/uploads\/2024\/07\/05-decoracao.png 1200w\" sizes=\"auto, (max-width: 1024px) 100vw, 1024px\" \/><\/a><\/div><a class=\"wp-block-latest-posts__post-title\" href=\"https:\/\/www.biamel.com.br\/index.php\/2024\/07\/02\/croche-na-decoracao\/\">Croch\u00ea na Decora\u00e7\u00e3o<\/a><time datetime=\"2024-07-02T02:48:01-03:00\" class=\"wp-block-latest-posts__post-date\">2 de julho de 2024<\/time><div class=\"wp-block-latest-posts__post-excerpt\">Voc\u00ea sabia que o croch\u00ea \u00e9 o um dos enfeites mais vers\u00e1teis para usar na decora\u00e7\u00e3o de casa? De origem francesa, essa t\u00e9cnica artesanal \u00e9 atemporal e adapt\u00e1vel, qualquer c\u00f4modo [&hellip;]<\/div><\/li>\n<li><div class=\"wp-block-latest-posts__featured-image\"><a href=\"https:\/\/www.biamel.com.br\/index.php\/2024\/07\/02\/croches-marcantes-da-historia\/\" aria-label=\"Croch\u00eas marcantes da hist\u00f3ria\"><img loading=\"lazy\" decoding=\"async\" width=\"1024\" height=\"512\" src=\"https:\/\/www.biamel.com.br\/wp-content\/uploads\/2024\/07\/04-marcante-historia-1024x512.png\" class=\"attachment-large size-large wp-post-image\" alt=\"\" style=\"\" srcset=\"https:\/\/www.biamel.com.br\/wp-content\/uploads\/2024\/07\/04-marcante-historia-1024x512.png 1024w, https:\/\/www.biamel.com.br\/wp-content\/uploads\/2024\/07\/04-marcante-historia-300x150.png 300w, https:\/\/www.biamel.com.br\/wp-content\/uploads\/2024\/07\/04-marcante-historia-768x384.png 768w, https:\/\/www.biamel.com.br\/wp-content\/uploads\/2024\/07\/04-marcante-historia-1140x570.png 1140w, https:\/\/www.biamel.com.br\/wp-content\/uploads\/2024\/07\/04-marcante-historia-920x460.png 920w, https:\/\/www.biamel.com.br\/wp-content\/uploads\/2024\/07\/04-marcante-historia-575x288.png 575w, https:\/\/www.biamel.com.br\/wp-content\/uploads\/2024\/07\/04-marcante-historia-380x190.png 380w, https:\/\/www.biamel.com.br\/wp-content\/uploads\/2024\/07\/04-marcante-historia-420x210.png 420w, https:\/\/www.biamel.com.br\/wp-content\/uploads\/2024\/07\/04-marcante-historia-800x400.png 800w, https:\/\/www.biamel.com.br\/wp-content\/uploads\/2024\/07\/04-marcante-historia.png 1200w\" sizes=\"auto, (max-width: 1024px) 100vw, 1024px\" \/><\/a><\/div><a class=\"wp-block-latest-posts__post-title\" href=\"https:\/\/www.biamel.com.br\/index.php\/2024\/07\/02\/croches-marcantes-da-historia\/\">Croch\u00eas marcantes da hist\u00f3ria<\/a><time datetime=\"2024-07-02T02:16:48-03:00\" class=\"wp-block-latest-posts__post-date\">2 de julho de 2024<\/time><div class=\"wp-block-latest-posts__post-excerpt\">Ao longo de todas essas d\u00e9cadas, alguns croch\u00eas foram marcantes devido a t\u00e9cnicas diferenciadas ou momentos hist\u00f3ricos ou, ainda, devido a popularidade. Croch\u00ea Irland\u00eas J\u00e1 contamos aqui neste blog a [&hellip;]<\/div><\/li>\n<\/ul><\/div>\n\n\n\n<div class=\"wp-block-column is-layout-flow wp-block-column-is-layout-flow\" style=\"flex-basis:1%\"><\/div>\n<\/div>\n<\/div><\/div><\/div>\n\n\n\n<div style=\"height:40px\" aria-hidden=\"true\" class=\"wp-block-spacer\"><\/div>\n\n\n\n<div class=\"wp-block-columns is-layout-flex wp-container-core-columns-is-layout-28f84493 wp-block-columns-is-layout-flex\">\n<div class=\"wp-block-column is-layout-flow wp-block-column-is-layout-flow\" style=\"flex-basis:35%\">\n<div style=\"height:3px\" aria-hidden=\"true\" class=\"wp-block-spacer\"><\/div>\n\n\n\n<figure class=\"wp-block-image size-full\"><img loading=\"lazy\" decoding=\"async\" width=\"600\" height=\"600\" src=\"https:\/\/www.biamel.com.br\/wp-content\/uploads\/2024\/07\/01-apresentacao-edited.png\" alt=\"\" class=\"wp-image-697\" srcset=\"https:\/\/www.biamel.com.br\/wp-content\/uploads\/2024\/07\/01-apresentacao-edited.png 600w, https:\/\/www.biamel.com.br\/wp-content\/uploads\/2024\/07\/01-apresentacao-edited-300x300.png 300w, https:\/\/www.biamel.com.br\/wp-content\/uploads\/2024\/07\/01-apresentacao-edited-150x150.png 150w, https:\/\/www.biamel.com.br\/wp-content\/uploads\/2024\/07\/01-apresentacao-edited-575x575.png 575w, https:\/\/www.biamel.com.br\/wp-content\/uploads\/2024\/07\/01-apresentacao-edited-380x380.png 380w, https:\/\/www.biamel.com.br\/wp-content\/uploads\/2024\/07\/01-apresentacao-edited-420x420.png 420w, https:\/\/www.biamel.com.br\/wp-content\/uploads\/2024\/07\/01-apresentacao-edited-100x100.png 100w\" sizes=\"auto, (max-width: 600px) 100vw, 600px\" \/><\/figure>\n<\/div>\n\n\n\n<div class=\"wp-block-column is-layout-flow wp-block-column-is-layout-flow\" style=\"flex-basis:5%\"><\/div>\n\n\n\n<div class=\"wp-block-column is-layout-flow wp-block-column-is-layout-flow\" style=\"flex-basis:60%\">\n<p class=\"has-text-align-left has-extra-large-font-size\">Sobre a BiaMel Croch\u00ea<\/p>\n\n\n\n<p class=\"has-text-align-left has-normal-font-size\">A BiaMel surge pela minha paix\u00e3o por croch\u00ea. O que come\u00e7ou como um prazeroso hobbie onde eu presenteava amigos, familiares e professores das minhas filhas, acabou se transformando no meu neg\u00f3cio. Inicialmente comecei a receber encomendas dos meus trabalhos das pessoas que eu presenteava, com o tempo, atrav\u00e9s de indica\u00e7\u00f5es as encomendas n\u00e3o pararam de chegar. Assim resolvi me aprofundar nas t\u00e9cnicas e fazer o que amo profissionalmente. E posso garantir que todo o trabalho aqui ofertado \u00e9 feito com muito carinho e cuidado&#8230; Espero que voc\u00ea tamb\u00e9m goste!<\/p>\n\n\n\n<p class=\"has-text-align-right has-normal-font-size\">Luciana Pessini<\/p>\n<\/div>\n<\/div>\n\n\n\n<div style=\"height:39px\" aria-hidden=\"true\" class=\"wp-block-spacer\"><\/div>\n","protected":false},"excerpt":{"rendered":"<p>Fios que se entrela\u00e7am, um ponto de cada vez, e se transformam em carinho, na forma de pequenos mimos&#8230; Carteiras e Necessaires Chaveiros Enfeites Cestos e Cachepot Sobre a BiaMel [&hellip;]<\/p>\n","protected":false},"author":2,"featured_media":0,"parent":0,"menu_order":0,"comment_status":"closed","ping_status":"closed","template":"","meta":{"footnotes":""},"class_list":["post-362","page","type-page","status-publish","hentry"],"yoast_head":"<!-- This site is optimized with the Yoast SEO plugin v27.4 - https:\/\/yoast.com\/product\/yoast-seo-wordpress\/ -->\n<title>Home - BIAMEL Croch\u00ea<\/title>\n<meta name=\"robots\" content=\"index, follow, max-snippet:-1, max-image-preview:large, max-video-preview:-1\" \/>\n<link rel=\"canonical\" href=\"https:\/\/www.biamel.com.br\/\" \/>\n<meta property=\"og:locale\" content=\"pt_BR\" \/>\n<meta property=\"og:type\" content=\"article\" \/>\n<meta property=\"og:title\" content=\"Home - BIAMEL Croch\u00ea\" \/>\n<meta property=\"og:description\" content=\"Fios que se entrela\u00e7am, um ponto de cada vez, e se transformam em carinho, na forma de pequenos mimos&#8230; Carteiras e Necessaires Chaveiros Enfeites Cestos e Cachepot Sobre a BiaMel [&hellip;]\" \/>\n<meta property=\"og:url\" content=\"https:\/\/www.biamel.com.br\/\" \/>\n<meta property=\"og:site_name\" content=\"BIAMEL Croch\u00ea\" \/>\n<meta property=\"article:modified_time\" content=\"2024-07-02T06:39:37+00:00\" \/>\n<meta property=\"og:image\" content=\"https:\/\/www.biamel.com.br\/wp-content\/uploads\/2024\/07\/cat-carteiras.png\" \/>\n<meta name=\"twitter:card\" content=\"summary_large_image\" \/>\n<meta name=\"twitter:label1\" content=\"Est. tempo de leitura\" \/>\n\t<meta name=\"twitter:data1\" content=\"1 minuto\" \/>\n<script type=\"application\/ld+json\" class=\"yoast-schema-graph\">{\"@context\":\"https:\\\/\\\/schema.org\",\"@graph\":[{\"@type\":\"WebPage\",\"@id\":\"https:\\\/\\\/www.biamel.com.br\\\/\",\"url\":\"https:\\\/\\\/www.biamel.com.br\\\/\",\"name\":\"Home - BIAMEL Croch\u00ea\",\"isPartOf\":{\"@id\":\"https:\\\/\\\/www.biamel.com.br\\\/#website\"},\"primaryImageOfPage\":{\"@id\":\"https:\\\/\\\/www.biamel.com.br\\\/#primaryimage\"},\"image\":{\"@id\":\"https:\\\/\\\/www.biamel.com.br\\\/#primaryimage\"},\"thumbnailUrl\":\"https:\\\/\\\/www.biamel.com.br\\\/wp-content\\\/uploads\\\/2024\\\/07\\\/cat-carteiras.png\",\"datePublished\":\"2021-08-17T17:03:43+00:00\",\"dateModified\":\"2024-07-02T06:39:37+00:00\",\"breadcrumb\":{\"@id\":\"https:\\\/\\\/www.biamel.com.br\\\/#breadcrumb\"},\"inLanguage\":\"pt-BR\",\"potentialAction\":[{\"@type\":\"ReadAction\",\"target\":[\"https:\\\/\\\/www.biamel.com.br\\\/\"]}]},{\"@type\":\"ImageObject\",\"inLanguage\":\"pt-BR\",\"@id\":\"https:\\\/\\\/www.biamel.com.br\\\/#primaryimage\",\"url\":\"https:\\\/\\\/www.biamel.com.br\\\/wp-content\\\/uploads\\\/2024\\\/07\\\/cat-carteiras.png\",\"contentUrl\":\"https:\\\/\\\/www.biamel.com.br\\\/wp-content\\\/uploads\\\/2024\\\/07\\\/cat-carteiras.png\",\"width\":400,\"height\":400},{\"@type\":\"BreadcrumbList\",\"@id\":\"https:\\\/\\\/www.biamel.com.br\\\/#breadcrumb\",\"itemListElement\":[{\"@type\":\"ListItem\",\"position\":1,\"name\":\"In\u00edcio\",\"item\":\"https:\\\/\\\/www.biamel.com.br\\\/\"},{\"@type\":\"ListItem\",\"position\":2,\"name\":\"Home\"}]},{\"@type\":\"WebSite\",\"@id\":\"https:\\\/\\\/www.biamel.com.br\\\/#website\",\"url\":\"https:\\\/\\\/www.biamel.com.br\\\/\",\"name\":\"BIAMEL Croch\u00ea\",\"description\":\"Artigos em croch\u00ea\",\"publisher\":{\"@id\":\"https:\\\/\\\/www.biamel.com.br\\\/#organization\"},\"potentialAction\":[{\"@type\":\"SearchAction\",\"target\":{\"@type\":\"EntryPoint\",\"urlTemplate\":\"https:\\\/\\\/www.biamel.com.br\\\/?s={search_term_string}\"},\"query-input\":{\"@type\":\"PropertyValueSpecification\",\"valueRequired\":true,\"valueName\":\"search_term_string\"}}],\"inLanguage\":\"pt-BR\"},{\"@type\":\"Organization\",\"@id\":\"https:\\\/\\\/www.biamel.com.br\\\/#organization\",\"name\":\"BIAMEL Croch\u00ea\",\"url\":\"https:\\\/\\\/www.biamel.com.br\\\/\",\"logo\":{\"@type\":\"ImageObject\",\"inLanguage\":\"pt-BR\",\"@id\":\"https:\\\/\\\/www.biamel.com.br\\\/#\\\/schema\\\/logo\\\/image\\\/\",\"url\":\"https:\\\/\\\/www.biamel.com.br\\\/wp-content\\\/uploads\\\/2024\\\/06\\\/logo-bm-tit.png\",\"contentUrl\":\"https:\\\/\\\/www.biamel.com.br\\\/wp-content\\\/uploads\\\/2024\\\/06\\\/logo-bm-tit.png\",\"width\":1124,\"height\":231,\"caption\":\"BIAMEL Croch\u00ea\"},\"image\":{\"@id\":\"https:\\\/\\\/www.biamel.com.br\\\/#\\\/schema\\\/logo\\\/image\\\/\"}}]}<\/script>\n<!-- \/ Yoast SEO plugin. -->","yoast_head_json":{"title":"Home - BIAMEL Croch\u00ea","robots":{"index":"index","follow":"follow","max-snippet":"max-snippet:-1","max-image-preview":"max-image-preview:large","max-video-preview":"max-video-preview:-1"},"canonical":"https:\/\/www.biamel.com.br\/","og_locale":"pt_BR","og_type":"article","og_title":"Home - BIAMEL Croch\u00ea","og_description":"Fios que se entrela\u00e7am, um ponto de cada vez, e se transformam em carinho, na forma de pequenos mimos&#8230; Carteiras e Necessaires Chaveiros Enfeites Cestos e Cachepot Sobre a BiaMel [&hellip;]","og_url":"https:\/\/www.biamel.com.br\/","og_site_name":"BIAMEL Croch\u00ea","article_modified_time":"2024-07-02T06:39:37+00:00","og_image":[{"url":"https:\/\/www.biamel.com.br\/wp-content\/uploads\/2024\/07\/cat-carteiras.png","type":"","width":"","height":""}],"twitter_card":"summary_large_image","twitter_misc":{"Est. tempo de leitura":"1 minuto"},"schema":{"@context":"https:\/\/schema.org","@graph":[{"@type":"WebPage","@id":"https:\/\/www.biamel.com.br\/","url":"https:\/\/www.biamel.com.br\/","name":"Home - BIAMEL Croch\u00ea","isPartOf":{"@id":"https:\/\/www.biamel.com.br\/#website"},"primaryImageOfPage":{"@id":"https:\/\/www.biamel.com.br\/#primaryimage"},"image":{"@id":"https:\/\/www.biamel.com.br\/#primaryimage"},"thumbnailUrl":"https:\/\/www.biamel.com.br\/wp-content\/uploads\/2024\/07\/cat-carteiras.png","datePublished":"2021-08-17T17:03:43+00:00","dateModified":"2024-07-02T06:39:37+00:00","breadcrumb":{"@id":"https:\/\/www.biamel.com.br\/#breadcrumb"},"inLanguage":"pt-BR","potentialAction":[{"@type":"ReadAction","target":["https:\/\/www.biamel.com.br\/"]}]},{"@type":"ImageObject","inLanguage":"pt-BR","@id":"https:\/\/www.biamel.com.br\/#primaryimage","url":"https:\/\/www.biamel.com.br\/wp-content\/uploads\/2024\/07\/cat-carteiras.png","contentUrl":"https:\/\/www.biamel.com.br\/wp-content\/uploads\/2024\/07\/cat-carteiras.png","width":400,"height":400},{"@type":"BreadcrumbList","@id":"https:\/\/www.biamel.com.br\/#breadcrumb","itemListElement":[{"@type":"ListItem","position":1,"name":"In\u00edcio","item":"https:\/\/www.biamel.com.br\/"},{"@type":"ListItem","position":2,"name":"Home"}]},{"@type":"WebSite","@id":"https:\/\/www.biamel.com.br\/#website","url":"https:\/\/www.biamel.com.br\/","name":"BIAMEL Croch\u00ea","description":"Artigos em croch\u00ea","publisher":{"@id":"https:\/\/www.biamel.com.br\/#organization"},"potentialAction":[{"@type":"SearchAction","target":{"@type":"EntryPoint","urlTemplate":"https:\/\/www.biamel.com.br\/?s={search_term_string}"},"query-input":{"@type":"PropertyValueSpecification","valueRequired":true,"valueName":"search_term_string"}}],"inLanguage":"pt-BR"},{"@type":"Organization","@id":"https:\/\/www.biamel.com.br\/#organization","name":"BIAMEL Croch\u00ea","url":"https:\/\/www.biamel.com.br\/","logo":{"@type":"ImageObject","inLanguage":"pt-BR","@id":"https:\/\/www.biamel.com.br\/#\/schema\/logo\/image\/","url":"https:\/\/www.biamel.com.br\/wp-content\/uploads\/2024\/06\/logo-bm-tit.png","contentUrl":"https:\/\/www.biamel.com.br\/wp-content\/uploads\/2024\/06\/logo-bm-tit.png","width":1124,"height":231,"caption":"BIAMEL Croch\u00ea"},"image":{"@id":"https:\/\/www.biamel.com.br\/#\/schema\/logo\/image\/"}}]}},"_links":{"self":[{"href":"https:\/\/www.biamel.com.br\/index.php\/wp-json\/wp\/v2\/pages\/362","targetHints":{"allow":["GET"]}}],"collection":[{"href":"https:\/\/www.biamel.com.br\/index.php\/wp-json\/wp\/v2\/pages"}],"about":[{"href":"https:\/\/www.biamel.com.br\/index.php\/wp-json\/wp\/v2\/types\/page"}],"author":[{"embeddable":true,"href":"https:\/\/www.biamel.com.br\/index.php\/wp-json\/wp\/v2\/users\/2"}],"replies":[{"embeddable":true,"href":"https:\/\/www.biamel.com.br\/index.php\/wp-json\/wp\/v2\/comments?post=362"}],"version-history":[{"count":51,"href":"https:\/\/www.biamel.com.br\/index.php\/wp-json\/wp\/v2\/pages\/362\/revisions"}],"predecessor-version":[{"id":711,"href":"https:\/\/www.biamel.com.br\/index.php\/wp-json\/wp\/v2\/pages\/362\/revisions\/711"}],"wp:attachment":[{"href":"https:\/\/www.biamel.com.br\/index.php\/wp-json\/wp\/v2\/media?parent=362"}],"curies":[{"name":"wp","href":"https:\/\/api.w.org\/{rel}","templated":true}]}}